{"id":19,"date":"2014-04-16T11:50:28","date_gmt":"2014-04-16T09:50:28","guid":{"rendered":"http:\/\/postolowo.com\/en\/?page_id=19"},"modified":"2014-04-19T17:55:56","modified_gmt":"2014-04-19T15:55:56","slug":"de","status":"publish","type":"page","link":"https:\/\/postolowo.com\/en\/de\/","title":{"rendered":"EIN IDEALES GEL\u00c4NDE F\u00dcR ALLE GOLFSPIELER"},"content":{"rendered":"<p><a class=\"btn2\" href=\"http:\/\/postolowo.com\/en\/golf-course\/holes\/\">Holes<\/a> <a class=\"btn2\" href=\"http:\/\/postolowo.com\/wp-content\/uploads\/2014\/04\/score_card_pdf.pdf\">ScoreCard<\/a> <a class=\"btn2\" href=\"http:\/\/postolowo.com\/wp-content\/uploads\/2014\/04\/Slope_pola_po_kalibracji.pdf\">Course &amp; Slope Rating<\/a><\/p>\n<p>Timo Schlitz<\/p>\n<p>&#8222;Der Golfplatz in Posto\u0142owo bei Danzig mit dem malerischen See im Hintergrund bietet ausgezeichnete M\u00f6glichkeiten, das Golfspiel zu genie\u00dfen. Als Architekt habe ich versucht, auf diesem wundersch\u00f6nen Gel\u00e4nde einen Golfplatz zu schaffen, der f\u00fcr fortgeschrittene Golfspieler eine richtige Herausforderung darstellt und zugleich auch die Anf\u00e4nger das Spiel genie\u00dfen l\u00e4sst.&#8221; Jeremy Turner, course architect<\/p>\n<h3><span style=\"line-height: 1.5em;\">POSTO\u0141OWO: EIN IDEALES GEL\u00c4NDE F\u00dcR ALLE GOLFSPIELER. PRACHTVOLLE ERHOLUNGSM\u00d6GLICHKEITEN IN EINER WUNDERSCH\u00d6NEN UMGEBUNG Der<\/span><\/h3>\n<p><strong>Postolowo Golf Club , nach der Rankingliste des Golf Digest der beste Golfplatz in Polen , ist einer der l\u00e4ngsten , wenn nicht der l\u00e4ngste in Europa. Von Wei\u00df 7094 m lang ist er in Europa von einem anderen Par 72 kaum zu \u00fcberbieten . Die Verl\u00e4ngerung des 1997 er\u00f6ffneten Golfplatzes fand 2006 statt . Neun neue Backtees wurden gebaut und einige Abschl\u00e4ge erh\u00f6ht. F\u00fcnf neue Seen sorgen f\u00fcr reibungslosen Wasserabfluss , sogar bei den heftigsten Regenf\u00e4llen . Der Platz ist reif f\u00fcr die gr\u00f6\u00dften Golfturniere der Welt. Erstaunlicherweise ist er aber auch eine der freundlichsten Golfanlagen f\u00fcr Anf\u00e4nger und Amateure . Riesige Greens und exzellente Fairways machen es m\u00f6glich auch f\u00fcr einen durschnittlichen Golfer, gut zu scoren . Die Anlage ist ideal, um Golf mit der ganzen Familie zu spielen. Kurz gesagt , Postolowo ist eine Reise wert. <\/strong><\/p>\n<p>Das stille, ruhige Dorf Posto\u0142owo liegt nur 28 km von Gdansk (Danzig) entfernt &#8211; einer Stadt mit einem ausgesprochenen Gro\u00dfstadtcharakter. Zusammen mit Sopot (Zoppot) und Gdynia (Gdingen) bildet Danzig die sogenannte Dreistadt mit fast 800.000 Einwohnern. Es ist auch die Hauptstadt eines Regierungsbezirks. Die Dreistadt samt ihrer Umgebung spielt eine bedeutende Rolle sowohl in der polnischen Wirtschaft als auch im Kulturleben der Polen. Sie ist auch ein gro\u00dfes Zentrum des Fremdenverkehrs: jedes Jahr kommen mehrere Millionen Touristen in die Dreistadt, um sich an den sandigen Str\u00e4nden von Zoppot zu erholen und im dortigen Spielkasino ihr Gl\u00fcck zu versuchen, um die einzigartige Atmosph\u00e4re der Danziger Altstadt zu erleben und sich die Attraktionen des modernen Gdynia anzuschauen. Dar\u00fcber hinaus ist die wundersch\u00f6ne Umgebung, die malerische Landschaft der Kaschubischen Seenplatte, eine touristische Attraktion f\u00fcr sich. Das Gebiet um das Dorf Postolowo herum hat einen sandigen Boden, der f\u00fcr einen perfekten Golfplatz wie geschaffen ist. Buchen und Eichenw\u00e4lder sowie Kiefern, die in zahlreichen W\u00e4ldern wachsen, machen einen gro\u00dfen Teil der hiesigen Pflanzenwelt aus. Ein gro\u00dfer See, der in der Mitte des Platzes liegt, sowie viele andere kleine Seen bewirken, dass der Golfplatz noch sch\u00f6ner und das Spiel noch reizvoller wird. Jeder, der in Postolowo Golf spielt, f\u00fchlt, dass dieser Golfplatz speziell f\u00fcr individuelle W\u00fcnsche geschaffen wurde. Anf\u00e4nger k\u00f6nnen das Golfspielen in unserer &#8222;6 Holes Akademie&#8221; oder &#8222;3 Holes Baby Akademie&#8221; Schritt f\u00fcr Schritt erlernen. Fortgeschrittene und professionelle Golfspieler werden den Platz kennenlernen und kommen bald regelm\u00e4\u00dfig hierher. Der Golfklub Postolowo f\u00f6rdert das Familien &#8211; sowie Gruppengolfspiel. Bei Gruppen von mindestens 6 Personen spielt der Golflehrer (PGA) geb\u00fchrenfrei.<\/p>\n","protected":false},"excerpt":{"rendered":"<p>Holes ScoreCard Course &amp; Slope Rating Timo Schlitz &#8222;Der Golfplatz in Posto\u0142owo bei Danzig mit dem malerischen See im Hintergrund bietet ausgezeichnete M\u00f6glichkeiten, das Golfspiel zu genie\u00dfen. Als Architekt habe ich versucht, auf diesem wundersch\u00f6nen Gel\u00e4nde einen Golfplatz zu schaffen, der f\u00fcr fortgeschrittene Golfspieler eine richtige Herausforderung darstellt und zugleich auch die Anf\u00e4nger das Spiel [&hellip;]<\/p>\n","protected":false},"author":1,"featured_media":0,"parent":0,"menu_order":0,"comment_status":"open","ping_status":"open","template":"","meta":{"_acf_changed":false,"footnotes":""},"class_list":["post-19","page","type-page","status-publish","hentry"],"acf":[],"_links":{"self":[{"href":"https:\/\/postolowo.com\/en\/wp-json\/wp\/v2\/pages\/19","targetHints":{"allow":["GET"]}}],"collection":[{"href":"https:\/\/postolowo.com\/en\/wp-json\/wp\/v2\/pages"}],"about":[{"href":"https:\/\/postolowo.com\/en\/wp-json\/wp\/v2\/types\/page"}],"author":[{"embeddable":true,"href":"https:\/\/postolowo.com\/en\/wp-json\/wp\/v2\/users\/1"}],"replies":[{"embeddable":true,"href":"https:\/\/postolowo.com\/en\/wp-json\/wp\/v2\/comments?post=19"}],"version-history":[{"count":5,"href":"https:\/\/postolowo.com\/en\/wp-json\/wp\/v2\/pages\/19\/revisions"}],"predecessor-version":[{"id":149,"href":"https:\/\/postolowo.com\/en\/wp-json\/wp\/v2\/pages\/19\/revisions\/149"}],"wp:attachment":[{"href":"https:\/\/postolowo.com\/en\/wp-json\/wp\/v2\/media?parent=19"}],"curies":[{"name":"wp","href":"https:\/\/api.w.org\/{rel}","templated":true}]}}